{"id":812,"date":"2021-02-04T03:58:58","date_gmt":"2021-02-04T03:58:58","guid":{"rendered":"https:\/\/stefaniaramirez.com\/?page_id=812"},"modified":"2025-01-22T18:07:38","modified_gmt":"2025-01-22T23:07:38","slug":"contact","status":"publish","type":"page","link":"https:\/\/stefaniaramirez.com\/es\/contact\/","title":{"rendered":"Contact"},"content":{"rendered":"<div data-elementor-type=\"wp-page\" data-elementor-id=\"812\" class=\"elementor elementor-812\" data-elementor-post-type=\"page\">\n\t\t\t\t<div class=\"elementor-element elementor-element-6a179b2 e-flex e-con-boxed e-con e-parent\" data-id=\"6a179b2\" data-element_type=\"container\" data-settings=\"{&quot;background_background&quot;:&quot;classic&quot;}\">\n\t\t\t\t\t<div class=\"e-con-inner\">\n\t\t<div class=\"elementor-element elementor-element-289d6c0 e-con-full e-flex e-con e-child\" data-id=\"289d6c0\" data-element_type=\"container\">\n\t\t\t\t<div class=\"elementor-element elementor-element-f2f1996 elementor-widget elementor-widget-heading\" data-id=\"f2f1996\" data-element_type=\"widget\" data-widget_type=\"heading.default\">\n\t\t\t\t<div class=\"elementor-widget-container\">\n\t\t\t\t\t<span id=\"scroll69f708135b436\"  class=\"scrollMagicControl\" type=\"hidden\" effect = \"{}\" wpmp_enable_desktop=\"yes\" wpmp_enable_tablet=\"yes\" wpmp_enable_mobile=\"yes\" wpmp_trigger_hook=\"0.5\" wpmp_reverse=\"yes\" wpmp_class_css =\"custom\" split-text = \"{}\" value=\"scrollmagic\"><\/span><h1 class=\"elementor-heading-title elementor-size-default\">Contate-me! <\/h1>\t\t\t\t<\/div>\n\t\t\t\t<\/div>\n\t\t\t\t<div class=\"elementor-element elementor-element-96e45e9 elementor-widget elementor-widget-text-editor\" data-id=\"96e45e9\" data-element_type=\"widget\" data-widget_type=\"text-editor.default\">\n\t\t\t\t<div class=\"elementor-widget-container\">\n\t\t\t\t\t<span id=\"scroll69f720f39b7d0\"  class=\"scrollMagicControl\" type=\"hidden\" effect = \"{}\" wpmp_enable_desktop=\"yes\" wpmp_enable_tablet=\"yes\" wpmp_enable_mobile=\"yes\" wpmp_trigger_hook=\"0.5\" wpmp_reverse=\"yes\" wpmp_class_css =\"custom\" split-text = \"{}\" value=\"scrollmagic\"><\/span>\t\t\t\t<p>Ol\u00e1! Fico feliz que voc\u00ea tenha interesse em entrar em contato comigo. Seja para tirar d\u00favidas, fazer coment\u00e1rios ou simplesmente dar um oi, vou adorar ouvir voc\u00ea. Voc\u00ea pode usar o formul\u00e1rio abaixo para me enviar uma mensagem direta. Espero ter not\u00edcias suas em breve! \u00a1Espero saber de ti pronto!<\/p>\t\t\t\t\t\t\t\t<\/div>\n\t\t\t\t<\/div>\n\t\t\t\t<div class=\"elementor-element elementor-element-4f01025 elementor-widget-divider--view-line elementor-widget elementor-widget-divider\" data-id=\"4f01025\" data-element_type=\"widget\" data-widget_type=\"divider.default\">\n\t\t\t\t<div class=\"elementor-widget-container\">\n\t\t\t\t\t<span id=\"scroll69f708135b80c\"  class=\"scrollMagicControl\" type=\"hidden\" effect = \"{}\" wpmp_enable_desktop=\"yes\" wpmp_enable_tablet=\"yes\" wpmp_enable_mobile=\"yes\" wpmp_trigger_hook=\"0.5\" wpmp_reverse=\"yes\" wpmp_class_css =\"custom\" split-text = \"{}\" value=\"scrollmagic\"><\/span>\t\t<div class=\"elementor-divider\">\n\t\t\t<span class=\"elementor-divider-separator\">\n\t\t\t\t\t\t<\/span>\n\t\t<\/div>\n\t\t\t\t\t\t<\/div>\n\t\t\t\t<\/div>\n\t\t\t\t<div class=\"elementor-element elementor-element-9dedea8 elementor-widget elementor-widget-wpforms\" data-id=\"9dedea8\" data-element_type=\"widget\" data-widget_type=\"wpforms.default\">\n\t\t\t\t<div class=\"elementor-widget-container\">\n\t\t\t\t\t<span id=\"scroll69f720f39d3e7\"  class=\"scrollMagicControl\" type=\"hidden\" effect = \"{}\" wpmp_enable_desktop=\"yes\" wpmp_enable_tablet=\"yes\" wpmp_enable_mobile=\"yes\" wpmp_trigger_hook=\"0.5\" wpmp_reverse=\"yes\" wpmp_class_css =\"custom\" split-text = \"{}\" value=\"scrollmagic\"><\/span><div class=\"wpforms-container\" id=\"wpforms-1154\"><form id=\"wpforms-form-1154\" class=\"wpforms-validate wpforms-form\" data-formid=\"1154\" method=\"post\" enctype=\"multipart\/form-data\" action=\"\/es\/wp-json\/wp\/v2\/pages\/812\" data-token=\"bdf91e6e86f87d20a1b64910f284e2a6\" data-token-time=\"1777803507\" data-trp-original-action=\"\/es\/wp-json\/wp\/v2\/pages\/812\"><noscript class=\"wpforms-error-noscript\">Por favor, activa JavaScript en tu navegador para completar este formulario.<\/noscript><div class=\"wpforms-field-container\"><div id=\"wpforms-1154-field_0-container\" class=\"wpforms-field wpforms-field-name\" data-field-id=\"0\"><label class=\"wpforms-field-label\">Name <span class=\"wpforms-required-label\">*<\/span><\/label><div class=\"wpforms-field-row wpforms-field-large\"><div class=\"wpforms-field-row-block wpforms-first wpforms-one-half\"><input type=\"text\" id=\"wpforms-1154-field_0\" class=\"wpforms-field-name-first wpforms-field-required\" name=\"wpforms[fields][0][first]\" required><label for=\"wpforms-1154-field_0\" class=\"wpforms-field-sublabel after\">Nombre<\/label><\/div><div class=\"wpforms-field-row-block wpforms-one-half\"><input type=\"text\" id=\"wpforms-1154-field_0-last\" class=\"wpforms-field-name-last wpforms-field-required\" name=\"wpforms[fields][0][last]\" required><label for=\"wpforms-1154-field_0-last\" class=\"wpforms-field-sublabel after\">Apellidos<\/label><\/div><\/div><\/div><div id=\"wpforms-1154-field_1-container\" class=\"wpforms-field wpforms-field-email wpforms-one-half wpforms-first wpforms-mobile-full\" data-field-id=\"1\"><label class=\"wpforms-field-label\" for=\"wpforms-1154-field_1\">Email <span class=\"wpforms-required-label\">*<\/span><\/label><input type=\"email\" id=\"wpforms-1154-field_1\" class=\"wpforms-field-large wpforms-field-required\" name=\"wpforms[fields][1]\" spellcheck=\"false\" required><\/div><div id=\"wpforms-1154-field_4-container\" class=\"wpforms-field wpforms-field-number wpforms-one-half wpforms-mobile-full\" data-field-id=\"4\"><label class=\"wpforms-field-label\" for=\"wpforms-1154-field_4\">Phone number <span class=\"wpforms-required-label\">*<\/span><\/label><input type=\"number\" id=\"wpforms-1154-field_4\" class=\"wpforms-field-large wpforms-field-required\" name=\"wpforms[fields][4]\" step=\"any\" required><\/div><div id=\"wpforms-1154-field_5-container\" class=\"wpforms-field wpforms-field-text wpforms-mobile-full\" data-field-id=\"5\"><label class=\"wpforms-field-label\" for=\"wpforms-1154-field_5\">Company \/ Organization \/ Event <span class=\"wpforms-required-label\">*<\/span><\/label><input type=\"text\" id=\"wpforms-1154-field_5\" class=\"wpforms-field-large wpforms-field-required\" name=\"wpforms[fields][5]\" required><\/div><div id=\"wpforms-1154-field_2-container\" class=\"wpforms-field wpforms-field-textarea\" data-field-id=\"2\"><label class=\"wpforms-field-label\" for=\"wpforms-1154-field_2\">Message <span class=\"wpforms-required-label\">*<\/span><\/label><textarea id=\"wpforms-1154-field_2\" class=\"wpforms-field-small wpforms-field-required\" name=\"wpforms[fields][2]\" required><\/textarea><\/div><\/div><!-- .wpforms-field-container --><div class=\"wpforms-submit-container\" ><input type=\"hidden\" name=\"wpforms[id]\" value=\"1154\"><input type=\"hidden\" name=\"page_title\" value=\"\"><input type=\"hidden\" name=\"page_url\" value=\"https:\/\/stefaniaramirez.com\/es\/wp-json\/wp\/v2\/pages\/812\"><input type=\"hidden\" name=\"url_referer\" value=\"\"><button type=\"submit\" name=\"wpforms[submit]\" id=\"wpforms-submit-1154\" class=\"wpforms-submit\" data-alt-text=\"Sending...\" data-submit-text=\"Send Message\" aria-live=\"assertive\" value=\"wpforms-submit\">Send Message<\/button><\/div><input type=\"hidden\" name=\"trp-form-language\" value=\"es\"\/><\/form><\/div>  <!-- .wpforms-container -->\t\t\t\t<\/div>\n\t\t\t\t<\/div>\n\t\t\t\t<\/div>\n\t\t\t\t\t<\/div>\n\t\t\t\t<\/div>\n\t\t<div class=\"elementor-element elementor-element-831e458 e-flex e-con-boxed e-con e-parent\" data-id=\"831e458\" data-element_type=\"container\">\n\t\t\t\t\t<div class=\"e-con-inner\">\n\t\t<div class=\"elementor-element elementor-element-e129fc5 e-con-full e-flex e-con e-child\" data-id=\"e129fc5\" data-element_type=\"container\">\n\t\t\t\t<div class=\"elementor-element elementor-element-12d77ae elementor-view-stacked elementor-position-inline-start elementor-shape-circle elementor-mobile-position-block-start elementor-widget elementor-widget-icon-box\" data-id=\"12d77ae\" data-element_type=\"widget\" data-widget_type=\"icon-box.default\">\n\t\t\t\t<div class=\"elementor-widget-container\">\n\t\t\t\t\t<span id=\"scroll69f708135f7bb\"  class=\"scrollMagicControl\" type=\"hidden\" effect = \"{}\" wpmp_enable_desktop=\"yes\" wpmp_enable_tablet=\"yes\" wpmp_enable_mobile=\"yes\" wpmp_trigger_hook=\"0.5\" wpmp_reverse=\"yes\" wpmp_class_css =\"custom\" split-text = \"{}\" value=\"scrollmagic\"><\/span>\t\t<div class=\"elementor-icon-box-wrapper\">\n\n\t\t\t\t\t\t<div class=\"elementor-icon-box-icon\">\n\t\t\t\t<span  class=\"elementor-icon\">\n\t\t\t\t<svg aria-hidden=\"true\" class=\"e-font-icon-svg e-fas-map-marker-alt\" viewbox=\"0 0 384 512\" xmlns=\"http:\/\/www.w3.org\/2000\/svg\"><path d=\"M172.268 501.67C26.97 291.031 0 269.413 0 192 0 85.961 85.961 0 192 0s192 85.961 192 192c0 77.413-26.97 99.031-172.268 309.67-9.535 13.774-29.93 13.773-39.464 0zM192 272c44.183 0 80-35.817 80-80s-35.817-80-80-80-80 35.817-80 80 35.817 80 80 80z\"><\/path><\/svg>\t\t\t\t<\/span>\n\t\t\t<\/div>\n\t\t\t\n\t\t\t\t\t\t<div class=\"elementor-icon-box-content\">\n\n\t\t\t\t\t\t\t\t\t<h6 class=\"elementor-icon-box-title\">\n\t\t\t\t\t\t<span  >\n\t\t\t\t\t\t\t<p>Encontre-me<\/p>\t\t\t\t\t\t<\/span>\n\t\t\t\t\t<\/h6>\n\t\t\t\t\n\t\t\t\t\t\t\t\t\t<p class=\"elementor-icon-box-description\">\n\t\t\t\t\t\tQualquer lugar do mundo\n\n\n\n\n\n\n\t\t\t\t\t<\/p>\n\t\t\t\t\n\t\t\t<\/div>\n\t\t\t\n\t\t<\/div>\n\t\t\t\t\t\t<\/div>\n\t\t\t\t<\/div>\n\t\t\t\t<div class=\"elementor-element elementor-element-58654d8 elementor-view-stacked elementor-position-inline-start elementor-shape-circle elementor-mobile-position-block-start elementor-widget elementor-widget-icon-box\" data-id=\"58654d8\" data-element_type=\"widget\" data-widget_type=\"icon-box.default\">\n\t\t\t\t<div class=\"elementor-widget-container\">\n\t\t\t\t\t<span id=\"scroll69f708135fc4f\"  class=\"scrollMagicControl\" type=\"hidden\" effect = \"{}\" wpmp_enable_desktop=\"yes\" wpmp_enable_tablet=\"yes\" wpmp_enable_mobile=\"yes\" wpmp_trigger_hook=\"0.5\" wpmp_reverse=\"yes\" wpmp_class_css =\"custom\" split-text = \"{}\" value=\"scrollmagic\"><\/span>\t\t<div class=\"elementor-icon-box-wrapper\">\n\n\t\t\t\t\t\t<div class=\"elementor-icon-box-icon\">\n\t\t\t\t<span  class=\"elementor-icon\">\n\t\t\t\t<svg aria-hidden=\"true\" class=\"e-font-icon-svg e-fas-envelope\" viewbox=\"0 0 512 512\" xmlns=\"http:\/\/www.w3.org\/2000\/svg\"><path d=\"M502.3 190.8c3.9-3.1 9.7-.2 9.7 4.7V400c0 26.5-21.5 48-48 48H48c-26.5 0-48-21.5-48-48V195.6c0-5 5.7-7.8 9.7-4.7 22.4 17.4 52.1 39.5 154.1 113.6 21.1 15.4 56.7 47.8 92.2 47.6 35.7.3 72-32.8 92.3-47.6 102-74.1 131.6-96.3 154-113.7zM256 320c23.2.4 56.6-29.2 73.4-41.4 132.7-96.3 142.8-104.7 173.4-128.7 5.8-4.5 9.2-11.5 9.2-18.9v-19c0-26.5-21.5-48-48-48H48C21.5 64 0 85.5 0 112v19c0 7.4 3.4 14.3 9.2 18.9 30.6 23.9 40.7 32.4 173.4 128.7 16.8 12.2 50.2 41.8 73.4 41.4z\"><\/path><\/svg>\t\t\t\t<\/span>\n\t\t\t<\/div>\n\t\t\t\n\t\t\t\t\t\t<div class=\"elementor-icon-box-content\">\n\n\t\t\t\t\t\t\t\t\t<h6 class=\"elementor-icon-box-title\">\n\t\t\t\t\t\t<span  >\n\t\t\t\t\t\t\tDiga oi\t\t\t\t\t\t<\/span>\n\t\t\t\t\t<\/h6>\n\t\t\t\t\n\t\t\t\t\t\t\t\t\t<p class=\"elementor-icon-box-description\">\n\t\t\t\t\t\trsramirezr@gmail.com\t\t\t\t\t<\/p>\n\t\t\t\t\n\t\t\t<\/div>\n\t\t\t\n\t\t<\/div>\n\t\t\t\t\t\t<\/div>\n\t\t\t\t<\/div>\n\t\t\t\t<div class=\"elementor-element elementor-element-4dd4c66 elementor-view-stacked elementor-position-inline-start elementor-shape-circle elementor-mobile-position-block-start elementor-widget elementor-widget-icon-box\" data-id=\"4dd4c66\" data-element_type=\"widget\" data-widget_type=\"icon-box.default\">\n\t\t\t\t<div class=\"elementor-widget-container\">\n\t\t\t\t\t<span id=\"scroll69f708136003b\"  class=\"scrollMagicControl\" type=\"hidden\" effect = \"{}\" wpmp_enable_desktop=\"yes\" wpmp_enable_tablet=\"yes\" wpmp_enable_mobile=\"yes\" wpmp_trigger_hook=\"0.5\" wpmp_reverse=\"yes\" wpmp_class_css =\"custom\" split-text = \"{}\" value=\"scrollmagic\"><\/span>\t\t<div class=\"elementor-icon-box-wrapper\">\n\n\t\t\t\t\t\t<div class=\"elementor-icon-box-icon\">\n\t\t\t\t<a href=\"http:\/\/wa.me\/554140423791\" class=\"elementor-icon\" tabindex=\"-1\" aria-label=\"Fale comigo!\">\n\t\t\t\t<svg aria-hidden=\"true\" class=\"e-font-icon-svg e-fas-phone\" viewbox=\"0 0 512 512\" xmlns=\"http:\/\/www.w3.org\/2000\/svg\"><path d=\"M493.4 24.6l-104-24c-11.3-2.6-22.9 3.3-27.5 13.9l-48 112c-4.2 9.8-1.4 21.3 6.9 28l60.6 49.6c-36 76.7-98.9 140.5-177.2 177.2l-49.6-60.6c-6.8-8.3-18.2-11.1-28-6.9l-112 48C3.9 366.5-2 378.1.6 389.4l24 104C27.1 504.2 36.7 512 48 512c256.1 0 464-207.5 464-464 0-11.2-7.7-20.9-18.6-23.4z\"><\/path><\/svg>\t\t\t\t<\/a>\n\t\t\t<\/div>\n\t\t\t\n\t\t\t\t\t\t<div class=\"elementor-icon-box-content\">\n\n\t\t\t\t\t\t\t\t\t<h6 class=\"elementor-icon-box-title\">\n\t\t\t\t\t\t<a href=\"http:\/\/wa.me\/554140423791\" >\n\t\t\t\t\t\t\tFale comigo!\t\t\t\t\t\t<\/a>\n\t\t\t\t\t<\/h6>\n\t\t\t\t\n\t\t\t\t\t\t\t\t\t<p class=\"elementor-icon-box-description\">\n\t\t\t\t\t\t+55 41 4042 3791\t\t\t\t\t<\/p>\n\t\t\t\t\n\t\t\t<\/div>\n\t\t\t\n\t\t<\/div>\n\t\t\t\t\t\t<\/div>\n\t\t\t\t<\/div>\n\t\t\t\t<\/div>\n\t\t<div class=\"elementor-element elementor-element-52fd605 e-con-full e-flex e-con e-child\" data-id=\"52fd605\" data-element_type=\"container\">\n\t\t\t\t<div class=\"elementor-element elementor-element-c9e9535 elementor-widget elementor-widget-google_maps\" data-id=\"c9e9535\" data-element_type=\"widget\" data-widget_type=\"google_maps.default\">\n\t\t\t\t<div class=\"elementor-widget-container\">\n\t\t\t\t\t<span id=\"scroll69f708136089d\"  class=\"scrollMagicControl\" type=\"hidden\" effect = \"{}\" wpmp_enable_desktop=\"yes\" wpmp_enable_tablet=\"yes\" wpmp_enable_mobile=\"yes\" wpmp_trigger_hook=\"0.5\" wpmp_reverse=\"yes\" wpmp_class_css =\"custom\" split-text = \"{}\" value=\"scrollmagic\"><\/span>\t\t<div class=\"elementor-custom-embed\">\n\t\t\t<iframe loading=\"lazy\"\n\t\t\t\t\tsrc=\"https:\/\/maps.google.com\/maps?q=Curitiba%20Brasil&#038;t=m&#038;z=9&#038;output=embed&#038;iwloc=near\"\n\t\t\t\t\ttitle=\"Curitiba Brasil\"\n\t\t\t\t\taria-label=\"Curitiba Brasil\"\n\t\t\t><\/iframe>\n\t\t<\/div>\n\t\t\t\t\t\t<\/div>\n\t\t\t\t<\/div>\n\t\t\t\t<\/div>\n\t\t\t\t\t<\/div>\n\t\t\t\t<\/div>\n\t\t\t\t<\/div>\n\t\t\n    <div class=\"xs_social_share_widget xs_share_url after_content \t\tmain_content  wslu-style-1 wslu-share-box-shaped wslu-fill-colored wslu-none wslu-share-horizontal wslu-theme-font-no wslu-main_content\">\n\n\t\t\n        <ul>\n\t\t\t        <\/ul>\n    <\/div>","protected":false},"excerpt":{"rendered":"<p>Contate-me! Ol\u00e1! Fico feliz que voc\u00ea tenha interesse em entrar em contato comigo. Seja para tirar d\u00favidas, fazer coment\u00e1rios ou simplesmente dar um oi, vou adorar ouvir voc\u00ea. Voc\u00ea pode usar o formul\u00e1rio abaixo para me enviar uma mensagem direta. Espero ter not\u00edcias suas em breve! \u00a1Espero saber de ti pronto! Por favor, activa JavaScript [&hellip;]<\/p>","protected":false},"author":3,"featured_media":0,"parent":0,"menu_order":0,"comment_status":"closed","ping_status":"closed","template":"","meta":{"_uag_custom_page_level_css":"","_monsterinsights_skip_tracking":false,"_monsterinsights_sitenote_active":false,"_monsterinsights_sitenote_note":"","_monsterinsights_sitenote_category":0,"postBodyCss":"","postBodyMargin":[],"postBodyPadding":[],"postBodyBackground":{"backgroundType":"classic","gradient":""},"_uf_show_specific_survey":0,"_uf_disable_surveys":false,"site-sidebar-layout":"no-sidebar","site-content-layout":"page-builder","ast-site-content-layout":"full-width-container","site-content-style":"unboxed","site-sidebar-style":"unboxed","ast-global-header-display":"","ast-banner-title-visibility":"","ast-main-header-display":"","ast-hfb-above-header-display":"","ast-hfb-below-header-display":"","ast-hfb-mobile-header-display":"","site-post-title":"disabled","ast-breadcrumbs-content":"","ast-featured-img":"disabled","footer-sml-layout":"","ast-disable-related-posts":"","theme-transparent-header-meta":"enabled","adv-header-id-meta":"","stick-header-meta":"","header-above-stick-meta":"","header-main-stick-meta":"","header-below-stick-meta":"","astra-migrate-meta-layouts":"set","ast-page-background-enabled":"default","ast-page-background-meta":{"desktop":{"background-color":"","background-image":"","background-repeat":"repeat","background-position":"center center","background-size":"auto","background-attachment":"scroll","background-type":"","background-media":"","overlay-type":"","overlay-color":"","overlay-opacity":"","overlay-gradient":""},"tablet":{"background-color":"","background-image":"","background-repeat":"repeat","background-position":"center center","background-size":"auto","background-attachment":"scroll","background-type":"","background-media":"","overlay-type":"","overlay-color":"","overlay-opacity":"","overlay-gradient":""},"mobile":{"background-color":"","background-image":"","background-repeat":"repeat","background-position":"center center","background-size":"auto","background-attachment":"scroll","background-type":"","background-media":"","overlay-type":"","overlay-color":"","overlay-opacity":"","overlay-gradient":""}},"ast-content-background-meta":{"desktop":{"background-color":"var(--ast-global-color-5)","background-image":"","background-repeat":"repeat","background-position":"center center","background-size":"auto","background-attachment":"scroll","background-type":"","background-media":"","overlay-type":"","overlay-color":"","overlay-opacity":"","overlay-gradient":""},"tablet":{"background-color":"var(--ast-global-color-5)","background-image":"","background-repeat":"repeat","background-position":"center center","background-size":"auto","background-attachment":"scroll","background-type":"","background-media":"","overlay-type":"","overlay-color":"","overlay-opacity":"","overlay-gradient":""},"mobile":{"background-color":"var(--ast-global-color-5)","background-image":"","background-repeat":"repeat","background-position":"center center","background-size":"auto","background-attachment":"scroll","background-type":"","background-media":"","overlay-type":"","overlay-color":"","overlay-opacity":"","overlay-gradient":""}},"footnotes":""},"class_list":["post-812","page","type-page","status-publish","hentry"],"yoast_head":"<!-- This site is optimized with the Yoast SEO plugin v26.8 - https:\/\/yoast.com\/product\/yoast-seo-wordpress\/ -->\n<title>Contact - Transformaci\u00f3n Digital y Estrategia Empresarial Stefania<\/title>\n<meta name=\"robots\" content=\"index, follow, max-snippet:-1, max-image-preview:large, max-video-preview:-1\" \/>\n<link rel=\"canonical\" href=\"https:\/\/stefaniaramirez.com\/es\/contact\/\" \/>\n<meta property=\"og:locale\" content=\"es_ES\" \/>\n<meta property=\"og:type\" content=\"article\" \/>\n<meta property=\"og:title\" content=\"Contact - Transformaci\u00f3n Digital y Estrategia Empresarial Stefania\" \/>\n<meta property=\"og:description\" content=\"Contate-me! Ol\u00e1! Fico feliz que voc\u00ea tenha interesse em entrar em contato comigo. Seja para tirar d\u00favidas, fazer coment\u00e1rios ou simplesmente dar um oi, vou adorar ouvir voc\u00ea. Voc\u00ea pode usar o formul\u00e1rio abaixo para me enviar uma mensagem direta. Espero ter not\u00edcias suas em breve! \u00a1Espero saber de ti pronto! Por favor, activa JavaScript [&hellip;]\" \/>\n<meta property=\"og:url\" content=\"https:\/\/stefaniaramirez.com\/es\/contact\/\" \/>\n<meta property=\"og:site_name\" content=\"Transformaci\u00f3n Digital y Estrategia Empresarial Stefania\" \/>\n<meta property=\"article:modified_time\" content=\"2025-01-22T23:07:38+00:00\" \/>\n<meta name=\"twitter:card\" content=\"summary_large_image\" \/>\n<meta name=\"twitter:label1\" content=\"Tiempo de lectura\" \/>\n\t<meta name=\"twitter:data1\" content=\"1 minuto\" \/>\n<script type=\"application\/ld+json\" class=\"yoast-schema-graph\">{\"@context\":\"https:\/\/schema.org\",\"@graph\":[{\"@type\":\"WebPage\",\"@id\":\"https:\/\/stefaniaramirez.com\/contact\/\",\"url\":\"https:\/\/stefaniaramirez.com\/contact\/\",\"name\":\"Contact - Transformaci\u00f3n Digital y Estrategia Empresarial Stefania\",\"isPartOf\":{\"@id\":\"https:\/\/stefaniaramirez.com\/#website\"},\"datePublished\":\"2021-02-04T03:58:58+00:00\",\"dateModified\":\"2025-01-22T23:07:38+00:00\",\"breadcrumb\":{\"@id\":\"https:\/\/stefaniaramirez.com\/contact\/#breadcrumb\"},\"inLanguage\":\"es-CO\",\"potentialAction\":[{\"@type\":\"ReadAction\",\"target\":[\"https:\/\/stefaniaramirez.com\/contact\/\"]}]},{\"@type\":\"BreadcrumbList\",\"@id\":\"https:\/\/stefaniaramirez.com\/contact\/#breadcrumb\",\"itemListElement\":[{\"@type\":\"ListItem\",\"position\":1,\"name\":\"Inicio\",\"item\":\"https:\/\/stefaniaramirez.com\/\"},{\"@type\":\"ListItem\",\"position\":2,\"name\":\"Contact\"}]},{\"@type\":\"WebSite\",\"@id\":\"https:\/\/stefaniaramirez.com\/#website\",\"url\":\"https:\/\/stefaniaramirez.com\/\",\"name\":\"Transformaci\u00f3n Digital y Estrategia Empresarial Stefania\",\"description\":\"Explora c\u00f3mo la convergencia de tecnolog\u00eda, educaci\u00f3n y emprendimiento puede impulsar tu negocio. Con m\u00e1s de 6 a\u00f1os de experiencia en desarrollo de negocios y optimizaci\u00f3n de procesos, Stefania ofrece consultor\u00eda especializada, formaci\u00f3n y recursos clave para l\u00edderes empresariales en Am\u00e9rica Latina.\",\"potentialAction\":[{\"@type\":\"SearchAction\",\"target\":{\"@type\":\"EntryPoint\",\"urlTemplate\":\"https:\/\/stefaniaramirez.com\/?s={search_term_string}\"},\"query-input\":{\"@type\":\"PropertyValueSpecification\",\"valueRequired\":true,\"valueName\":\"search_term_string\"}}],\"inLanguage\":\"es-CO\"}]}<\/script>\n<!-- \/ Yoast SEO plugin. -->","yoast_head_json":{"title":"Contact - Transformaci\u00f3n Digital y Estrategia Empresarial Stefania","robots":{"index":"index","follow":"follow","max-snippet":"max-snippet:-1","max-image-preview":"max-image-preview:large","max-video-preview":"max-video-preview:-1"},"canonical":"https:\/\/stefaniaramirez.com\/es\/contact\/","og_locale":"es_ES","og_type":"article","og_title":"Contact - Transformaci\u00f3n Digital y Estrategia Empresarial Stefania","og_description":"Contate-me! Ol\u00e1! Fico feliz que voc\u00ea tenha interesse em entrar em contato comigo. Seja para tirar d\u00favidas, fazer coment\u00e1rios ou simplesmente dar um oi, vou adorar ouvir voc\u00ea. Voc\u00ea pode usar o formul\u00e1rio abaixo para me enviar uma mensagem direta. Espero ter not\u00edcias suas em breve! \u00a1Espero saber de ti pronto! Por favor, activa JavaScript [&hellip;]","og_url":"https:\/\/stefaniaramirez.com\/es\/contact\/","og_site_name":"Transformaci\u00f3n Digital y Estrategia Empresarial Stefania","article_modified_time":"2025-01-22T23:07:38+00:00","twitter_card":"summary_large_image","twitter_misc":{"Tiempo de lectura":"1 minuto"},"schema":{"@context":"https:\/\/schema.org","@graph":[{"@type":"WebPage","@id":"https:\/\/stefaniaramirez.com\/contact\/","url":"https:\/\/stefaniaramirez.com\/contact\/","name":"Contact - Transformaci\u00f3n Digital y Estrategia Empresarial Stefania","isPartOf":{"@id":"https:\/\/stefaniaramirez.com\/#website"},"datePublished":"2021-02-04T03:58:58+00:00","dateModified":"2025-01-22T23:07:38+00:00","breadcrumb":{"@id":"https:\/\/stefaniaramirez.com\/contact\/#breadcrumb"},"inLanguage":"es-CO","potentialAction":[{"@type":"ReadAction","target":["https:\/\/stefaniaramirez.com\/contact\/"]}]},{"@type":"BreadcrumbList","@id":"https:\/\/stefaniaramirez.com\/contact\/#breadcrumb","itemListElement":[{"@type":"ListItem","position":1,"name":"Inicio","item":"https:\/\/stefaniaramirez.com\/"},{"@type":"ListItem","position":2,"name":"Contact"}]},{"@type":"WebSite","@id":"https:\/\/stefaniaramirez.com\/#website","url":"https:\/\/stefaniaramirez.com\/","name":"Transformaci\u00f3n Digital y Estrategia Empresarial Stefania","description":"Explora c\u00f3mo la convergencia de tecnolog\u00eda, educaci\u00f3n y emprendimiento puede impulsar tu negocio. Con m\u00e1s de 6 a\u00f1os de experiencia en desarrollo de negocios y optimizaci\u00f3n de procesos, Stefania ofrece consultor\u00eda especializada, formaci\u00f3n y recursos clave para l\u00edderes empresariales en Am\u00e9rica Latina.","potentialAction":[{"@type":"SearchAction","target":{"@type":"EntryPoint","urlTemplate":"https:\/\/stefaniaramirez.com\/?s={search_term_string}"},"query-input":{"@type":"PropertyValueSpecification","valueRequired":true,"valueName":"search_term_string"}}],"inLanguage":"es-CO"}]}},"uagb_featured_image_src":{"full":false,"thumbnail":false,"medium":false,"medium_large":false,"large":false,"1536x1536":false,"2048x2048":false,"trp-custom-language-flag":false},"uagb_author_info":{"display_name":"STEFANIA RAMIREZ REYES","author_link":"https:\/\/stefaniaramirez.com\/es\/author\/stefania2123\/"},"uagb_comment_info":0,"uagb_excerpt":"Contate-me! Ol\u00e1! Fico feliz que voc\u00ea tenha interesse em entrar em contato comigo. Seja para tirar d\u00favidas, fazer coment\u00e1rios ou simplesmente dar um oi, vou adorar ouvir voc\u00ea. Voc\u00ea pode usar o formul\u00e1rio abaixo para me enviar uma mensagem direta. Espero ter not\u00edcias suas em breve! \u00a1Espero saber de ti pronto! Por favor, activa JavaScript&hellip;","_links":{"self":[{"href":"https:\/\/stefaniaramirez.com\/es\/wp-json\/wp\/v2\/pages\/812","targetHints":{"allow":["GET"]}}],"collection":[{"href":"https:\/\/stefaniaramirez.com\/es\/wp-json\/wp\/v2\/pages"}],"about":[{"href":"https:\/\/stefaniaramirez.com\/es\/wp-json\/wp\/v2\/types\/page"}],"author":[{"embeddable":true,"href":"https:\/\/stefaniaramirez.com\/es\/wp-json\/wp\/v2\/users\/3"}],"replies":[{"embeddable":true,"href":"https:\/\/stefaniaramirez.com\/es\/wp-json\/wp\/v2\/comments?post=812"}],"version-history":[{"count":59,"href":"https:\/\/stefaniaramirez.com\/es\/wp-json\/wp\/v2\/pages\/812\/revisions"}],"predecessor-version":[{"id":3919,"href":"https:\/\/stefaniaramirez.com\/es\/wp-json\/wp\/v2\/pages\/812\/revisions\/3919"}],"wp:attachment":[{"href":"https:\/\/stefaniaramirez.com\/es\/wp-json\/wp\/v2\/media?parent=812"}],"curies":[{"name":"wp","href":"https:\/\/api.w.org\/{rel}","templated":true}]}}